{"id":271,"date":"2016-05-26T22:57:59","date_gmt":"2016-05-26T22:57:59","guid":{"rendered":"http:\/\/cursovozpamplona.com\/?page_id=271"},"modified":"2025-06-18T22:19:01","modified_gmt":"2025-06-18T22:19:01","slug":"presentacion","status":"publish","type":"page","link":"https:\/\/cursovozpamplona.com\/","title":{"rendered":"Presentaci\u00f3n"},"content":{"rendered":"<p>Estimados compa\u00f1eros:<\/p>\n<p>Presentamos el Curso sobre <em><strong>\u00abprocedimientos de laringe en consulta\u00bb<\/strong><\/em> como respuesta a la demanda que se evidencia en la consulta diaria, tanto de Especialistas en Otorrinolaringolog\u00eda como Foniatras y Logopedas, para el diagn\u00f3stico y manejo de la disfon\u00eda.<\/p>\n<p>La Unidad de Patolog\u00eda de la Voz nace de la necesidad de tratar a pacientes cuyo diagn\u00f3stico de disfon\u00eda quedaba incompleto y sus tratamientos no ofrec\u00edan todas las posibilidades de mejora.<\/p>\n<p style=\"text-align: justify;\"><strong><span style=\"color: #808080;\"><em>El continuo desarrollo de nuestra especialidad ha evolucionado hacia la especializaci\u00f3n cada vez mayor en la realizaci\u00f3n de procedimientos endoscopios \u201cin office\u201d. Esta evoluci\u00f3n nos ha llevado a los laring\u00f3logos a formarnos y desarrollar diferentes t\u00e9cnicas endoscopias de v\u00eda aerodigestiva superior (VADS) que pueden ser realizadas fuera del \u00e1mbito de quir\u00f3fano donde se realizaban tradicionalmente<\/em><\/span><\/strong><\/p>\n<p style=\"text-align: justify;\"><strong><span style=\"color: #808080;\"><em>La cirug\u00eda en consulta supone un reto dentro de nuestra especialidad, as\u00ed como una oportunidad de ofrecer una forma diferente de hacer las cosas, modificando y adaptando protocolos de tratamiento a una nueva realidad. El desarrollo de la tecnolog\u00eda ha ido de la mano en la evoluci\u00f3n de de este tipo de procedimientos, por lo que realizaremos un repaso de los avances tecnol\u00f3gicos en este campo y de los objetivos y cirug\u00edas que podemos realizar.<\/em><\/span><\/strong><\/p>\n<p>Esperamos que el curso sea atractivo para Otorrinolaring\u00f3logos, logopedas y Foniatras interesados en la mejora del tratamiento de la patolog\u00eda de la Voz. Os acogeremos en Pamplona donde descubrir\u00e9is una ciudad hist\u00f3rica con posibilidades de ocio muy interesantes, adem\u00e1s de una variada oferta gastr\u00f3nomica.<\/p>\n<p>Organizadores: Enrique Marav\u00ed y Mar\u00eda Uzcanga<\/p>\n","protected":false},"excerpt":{"rendered":"<p>Estimados compa\u00f1eros: Presentamos el Curso sobre \u00abprocedimientos de laringe en consulta\u00bb como respuesta a la demanda que se evidencia en la consulta diaria, tanto de Especialistas en Otorrinolaringolog\u00eda como Foniatras y Logopedas, para el diagn\u00f3stico y manejo de la disfon\u00eda. La Unidad de Patolog\u00eda de la Voz nace de la necesidad de tratar a pacientes cuyo diagn\u00f3stico de disfon\u00eda quedaba incompleto y sus tratamientos no ofrec\u00edan todas las posibilidades de mejora. El continuo desarrollo de nuestra especialidad ha evolucionado hacia la especializaci\u00f3n cada vez mayor en la realizaci\u00f3n de procedimientos endoscopios \u201cin office\u201d. Esta evoluci\u00f3n nos ha llevado a los laring\u00f3logos a formarnos y desarrollar diferentes t\u00e9cnicas endoscopias de v\u00eda [&hellip;]<\/p>\n","protected":false},"author":2,"featured_media":0,"parent":0,"menu_order":0,"comment_status":"closed","ping_status":"closed","template":"","meta":{"footnotes":""},"class_list":["post-271","page","type-page","status-publish","hentry"],"aioseo_notices":[],"_links":{"self":[{"href":"https:\/\/cursovozpamplona.com\/index.php?rest_route=\/wp\/v2\/pages\/271","targetHints":{"allow":["GET"]}}],"collection":[{"href":"https:\/\/cursovozpamplona.com\/index.php?rest_route=\/wp\/v2\/pages"}],"about":[{"href":"https:\/\/cursovozpamplona.com\/index.php?rest_route=\/wp\/v2\/types\/page"}],"author":[{"embeddable":true,"href":"https:\/\/cursovozpamplona.com\/index.php?rest_route=\/wp\/v2\/users\/2"}],"replies":[{"embeddable":true,"href":"https:\/\/cursovozpamplona.com\/index.php?rest_route=%2Fwp%2Fv2%2Fcomments&post=271"}],"version-history":[{"count":11,"href":"https:\/\/cursovozpamplona.com\/index.php?rest_route=\/wp\/v2\/pages\/271\/revisions"}],"predecessor-version":[{"id":1107,"href":"https:\/\/cursovozpamplona.com\/index.php?rest_route=\/wp\/v2\/pages\/271\/revisions\/1107"}],"wp:attachment":[{"href":"https:\/\/cursovozpamplona.com\/index.php?rest_route=%2Fwp%2Fv2%2Fmedia&parent=271"}],"curies":[{"name":"wp","href":"https:\/\/api.w.org\/{rel}","templated":true}]}}